{"id":274,"date":"2024-04-29T21:15:19","date_gmt":"2024-04-30T00:15:19","guid":{"rendered":"http:\/\/desacites.utalca.test\/?page_id=53"},"modified":"2026-01-29T14:51:44","modified_gmt":"2026-01-29T14:51:44","slug":"colaboraciones","status":"publish","type":"page","link":"https:\/\/cites.utalca.cl\/?page_id=274","title":{"rendered":"Colaboraciones"},"content":{"rendered":"\n<div class=\"wp-block-group alignfull has-base-color has-text-color has-background has-link-color wp-elements-462a8f35fc5675c6332bac3b6998f9c3 is-layout-flow wp-container-core-group-is-layout-12 wp-block-group-is-layout-flow\" style=\"border-radius:22px;background-color:#a93a3a;min-height:0px;margin-top:0;margin-bottom:0;padding-top:var(--wp--preset--spacing--70);padding-right:var(--wp--preset--spacing--50);padding-bottom:var(--wp--preset--spacing--70);padding-left:var(--wp--preset--spacing--50)\">\n<div class=\"wp-block-group alignfull has-global-padding is-layout-constrained wp-container-core-group-is-layout-11 wp-block-group-is-layout-constrained\" style=\"margin-top:0;margin-bottom:0;padding-top:var(--wp--preset--spacing--50);padding-right:var(--wp--preset--spacing--50);padding-bottom:var(--wp--preset--spacing--50);padding-left:var(--wp--preset--spacing--50)\">\n<div class=\"wp-block-group is-vertical is-content-justification-center is-layout-flex wp-container-core-group-is-layout-1 wp-block-group-is-layout-flex\">\n<h2 class=\"wp-block-heading has-text-align-center has-base-2-color has-text-color has-link-color has-xx-large-font-size wp-elements-4b14679be8449b7e3bf1b3dc2d972ee4\">Colaboradores internacionales<\/h2>\n<\/div>\n\n\n\n<div style=\"height:var(--wp--preset--spacing--30)\" aria-hidden=\"true\" class=\"wp-block-spacer\"><\/div>\n\n\n\n<div class=\"wp-block-columns alignwide is-layout-flex wp-container-core-columns-is-layout-1 wp-block-columns-is-layout-flex\" style=\"padding-right:0;padding-left:0\">\n<div class=\"wp-block-column is-layout-flow wp-block-column-is-layout-flow\">\n<figure class=\"wp-block-image size-full is-style-rounded is-style-rounded--1\"><img fetchpriority=\"high\" decoding=\"async\" width=\"2492\" height=\"2492\" src=\"https:\/\/cites.utalca.cl\/wp-content\/uploads\/2024\/05\/foto-l-badimon.jpg\" alt=\"\" class=\"wp-image-57\" style=\"aspect-ratio:1;object-fit:cover\" srcset=\"https:\/\/cites.utalca.cl\/wp-content\/uploads\/2024\/05\/foto-l-badimon.jpg 2492w, https:\/\/cites.utalca.cl\/wp-content\/uploads\/2024\/05\/foto-l-badimon-300x300.jpg 300w, https:\/\/cites.utalca.cl\/wp-content\/uploads\/2024\/05\/foto-l-badimon-1024x1024.jpg 1024w, https:\/\/cites.utalca.cl\/wp-content\/uploads\/2024\/05\/foto-l-badimon-150x150.jpg 150w, https:\/\/cites.utalca.cl\/wp-content\/uploads\/2024\/05\/foto-l-badimon-768x768.jpg 768w, https:\/\/cites.utalca.cl\/wp-content\/uploads\/2024\/05\/foto-l-badimon-1536x1536.jpg 1536w, https:\/\/cites.utalca.cl\/wp-content\/uploads\/2024\/05\/foto-l-badimon-2048x2048.jpg 2048w\" sizes=\"(max-width: 2492px) 100vw, 2492px\" \/><\/figure>\n\n\n\n<div class=\"wp-block-group is-vertical is-content-justification-left is-nowrap is-layout-flex wp-container-core-group-is-layout-2 wp-block-group-is-layout-flex\">\n<p><strong>Prof. Lina Badimon, PhD<\/strong><\/p>\n\n\n\n<p class=\"has-small-font-size\">Catedr\u00e1tica de Medicina<\/p>\n\n\n\n<p class=\"has-small-font-size\">Universidad Vic-Universidad Central de Catalu\u00f1a<\/p>\n\n\n\n<p class=\"has-small-font-size\">Centro de Investigaci\u00f3n IRIS-CC<\/p>\n\n\n\n<p class=\"has-small-font-size\">Barcelona, Espa\u00f1a <\/p>\n<\/div>\n<\/div>\n\n\n\n<div class=\"wp-block-column is-layout-flow wp-block-column-is-layout-flow\">\n<figure class=\"wp-block-image size-full is-style-rounded is-style-rounded--2\"><img decoding=\"async\" width=\"1678\" height=\"1679\" src=\"https:\/\/cites.utalca.cl\/wp-content\/uploads\/2024\/05\/vicente-transformed_2-1-edited.png\" alt=\"\" class=\"wp-image-40\" style=\"aspect-ratio:1;object-fit:cover\" srcset=\"https:\/\/cites.utalca.cl\/wp-content\/uploads\/2024\/05\/vicente-transformed_2-1-edited.png 1678w, https:\/\/cites.utalca.cl\/wp-content\/uploads\/2024\/05\/vicente-transformed_2-1-edited-300x300.png 300w, https:\/\/cites.utalca.cl\/wp-content\/uploads\/2024\/05\/vicente-transformed_2-1-edited-1024x1024.png 1024w, https:\/\/cites.utalca.cl\/wp-content\/uploads\/2024\/05\/vicente-transformed_2-1-edited-150x150.png 150w, https:\/\/cites.utalca.cl\/wp-content\/uploads\/2024\/05\/vicente-transformed_2-1-edited-768x768.png 768w, https:\/\/cites.utalca.cl\/wp-content\/uploads\/2024\/05\/vicente-transformed_2-1-edited-1536x1536.png 1536w\" sizes=\"(max-width: 1678px) 100vw, 1678px\" \/><\/figure>\n\n\n\n<div class=\"wp-block-group is-vertical is-content-justification-left is-nowrap is-layout-flex wp-container-core-group-is-layout-3 wp-block-group-is-layout-flex\">\n<p><strong><strong><strong>Prof. Vicente Andr\u00e9s, PhD<\/strong><\/strong><\/strong><\/p>\n\n\n\n<p class=\"has-small-font-size\">National Centre for Cardiovascular Research<br>Madrid, Espa\u00f1a<\/p>\n<\/div>\n<\/div>\n\n\n\n<div class=\"wp-block-column is-layout-flow wp-block-column-is-layout-flow\">\n<figure class=\"wp-block-image size-full is-style-rounded is-style-rounded--3\"><img decoding=\"async\" width=\"439\" height=\"439\" src=\"https:\/\/cites.utalca.cl\/wp-content\/uploads\/2024\/05\/francisco-garcia-garcia-2-edited.jpg\" alt=\"\" class=\"wp-image-216\" style=\"aspect-ratio:1;object-fit:cover\" srcset=\"https:\/\/cites.utalca.cl\/wp-content\/uploads\/2024\/05\/francisco-garcia-garcia-2-edited.jpg 439w, https:\/\/cites.utalca.cl\/wp-content\/uploads\/2024\/05\/francisco-garcia-garcia-2-edited-300x300.jpg 300w, https:\/\/cites.utalca.cl\/wp-content\/uploads\/2024\/05\/francisco-garcia-garcia-2-edited-150x150.jpg 150w\" sizes=\"(max-width: 439px) 100vw, 439px\" \/><\/figure>\n\n\n\n<div class=\"wp-block-group is-vertical is-content-justification-left is-nowrap is-layout-flex wp-container-core-group-is-layout-4 wp-block-group-is-layout-flex\">\n<p><strong><strong><strong>Prof. Francisco Garc\u00eda, MD<\/strong><\/strong><\/strong><\/p>\n\n\n\n<p class=\"has-small-font-size\">Hospital Virgen del Valle<br>Toledo, Espa\u00f1a.<\/p>\n<\/div>\n<\/div>\n\n\n\n<div class=\"wp-block-column is-layout-flow wp-block-column-is-layout-flow\">\n<figure class=\"wp-block-image size-full is-style-rounded is-style-rounded--4\"><img loading=\"lazy\" decoding=\"async\" width=\"1305\" height=\"1306\" src=\"https:\/\/cites.utalca.cl\/wp-content\/uploads\/2024\/05\/jaume-1-edited.png\" alt=\"\" class=\"wp-image-62\" style=\"aspect-ratio:1;object-fit:cover\" srcset=\"https:\/\/cites.utalca.cl\/wp-content\/uploads\/2024\/05\/jaume-1-edited.png 1305w, https:\/\/cites.utalca.cl\/wp-content\/uploads\/2024\/05\/jaume-1-edited-300x300.png 300w, https:\/\/cites.utalca.cl\/wp-content\/uploads\/2024\/05\/jaume-1-edited-1024x1024.png 1024w, https:\/\/cites.utalca.cl\/wp-content\/uploads\/2024\/05\/jaume-1-edited-150x150.png 150w, https:\/\/cites.utalca.cl\/wp-content\/uploads\/2024\/05\/jaume-1-edited-768x769.png 768w\" sizes=\"(max-width: 1305px) 100vw, 1305px\" \/><\/figure>\n\n\n\n<div class=\"wp-block-group is-vertical is-content-justification-center is-nowrap is-layout-flex wp-container-core-group-is-layout-5 wp-block-group-is-layout-flex\">\n<p class=\"has-small-font-size\">Dr. Jaume Marrugat MD PhD FESC<br>Hospital del Mar Research Institute (HMRI-IMIM)<br>CIBERCV de Enfermedades Cardiovasculares<\/p>\n\n\n\n<p class=\"has-small-font-size\"><\/p>\n<\/div>\n<\/div>\n<\/div>\n\n\n\n<div class=\"wp-block-columns alignwide is-layout-flex wp-container-core-columns-is-layout-2 wp-block-columns-is-layout-flex\" style=\"padding-right:0;padding-left:0\">\n<div class=\"wp-block-column is-layout-flow wp-block-column-is-layout-flow\">\n<figure class=\"wp-block-image size-full is-style-rounded is-style-rounded--5\"><img loading=\"lazy\" decoding=\"async\" width=\"1229\" height=\"1293\" src=\"https:\/\/cites.utalca.cl\/wp-content\/uploads\/2024\/05\/muller-1-edited-1.png\" alt=\"\" class=\"wp-image-51\" style=\"aspect-ratio:1;object-fit:cover\" srcset=\"https:\/\/cites.utalca.cl\/wp-content\/uploads\/2024\/05\/muller-1-edited-1.png 1229w, https:\/\/cites.utalca.cl\/wp-content\/uploads\/2024\/05\/muller-1-edited-1-285x300.png 285w, https:\/\/cites.utalca.cl\/wp-content\/uploads\/2024\/05\/muller-1-edited-1-973x1024.png 973w, https:\/\/cites.utalca.cl\/wp-content\/uploads\/2024\/05\/muller-1-edited-1-768x808.png 768w\" sizes=\"(max-width: 1229px) 100vw, 1229px\" \/><\/figure>\n\n\n\n<div class=\"wp-block-group is-vertical is-content-justification-left is-nowrap is-layout-flex wp-container-core-group-is-layout-6 wp-block-group-is-layout-flex\">\n<p><strong><strong><strong>Prof. Christa M\u00fcller, PhD<\/strong><\/strong><\/strong><\/p>\n\n\n\n<p class=\"has-text-align-left\">University of Bonn,<br>Bonn, Alemania.<\/p>\n<\/div>\n<\/div>\n\n\n\n<div class=\"wp-block-column is-layout-flow wp-block-column-is-layout-flow\">\n<figure class=\"wp-block-image size-full is-style-rounded is-style-rounded--6\"><img loading=\"lazy\" decoding=\"async\" width=\"512\" height=\"512\" src=\"https:\/\/cites.utalca.cl\/wp-content\/uploads\/2024\/05\/volker-edited-768x512-1-edited.jpg\" alt=\"\" class=\"wp-image-330\" style=\"aspect-ratio:1;object-fit:cover\" srcset=\"https:\/\/cites.utalca.cl\/wp-content\/uploads\/2024\/05\/volker-edited-768x512-1-edited.jpg 512w, https:\/\/cites.utalca.cl\/wp-content\/uploads\/2024\/05\/volker-edited-768x512-1-edited-300x300.jpg 300w, https:\/\/cites.utalca.cl\/wp-content\/uploads\/2024\/05\/volker-edited-768x512-1-edited-150x150.jpg 150w\" sizes=\"(max-width: 512px) 100vw, 512px\" \/><\/figure>\n\n\n\n<div class=\"wp-block-group is-vertical is-content-justification-left is-nowrap is-layout-flex wp-container-core-group-is-layout-7 wp-block-group-is-layout-flex\">\n<p><strong><strong><strong><strong>Prof. Volker Zickermann, PhD.<\/strong><\/strong><\/strong><\/strong><\/p>\n\n\n\n<p class=\"has-small-font-size\">Goethe-Universit\u00e4t <br>Frankfurt am Main, Alemania.<\/p>\n<\/div>\n<\/div>\n\n\n\n<div class=\"wp-block-column is-layout-flow wp-block-column-is-layout-flow\">\n<figure class=\"wp-block-image size-full is-style-rounded is-style-rounded--7\"><img loading=\"lazy\" decoding=\"async\" width=\"1342\" height=\"1403\" src=\"https:\/\/cites.utalca.cl\/wp-content\/uploads\/2024\/05\/john_gibbins-edited.png\" alt=\"\" class=\"wp-image-54\" style=\"aspect-ratio:1;object-fit:cover\" srcset=\"https:\/\/cites.utalca.cl\/wp-content\/uploads\/2024\/05\/john_gibbins-edited.png 1342w, https:\/\/cites.utalca.cl\/wp-content\/uploads\/2024\/05\/john_gibbins-edited-287x300.png 287w, https:\/\/cites.utalca.cl\/wp-content\/uploads\/2024\/05\/john_gibbins-edited-979x1024.png 979w, https:\/\/cites.utalca.cl\/wp-content\/uploads\/2024\/05\/john_gibbins-edited-768x803.png 768w\" sizes=\"(max-width: 1342px) 100vw, 1342px\" \/><\/figure>\n\n\n\n<div class=\"wp-block-group is-vertical is-content-justification-left is-nowrap is-layout-flex wp-container-core-group-is-layout-8 wp-block-group-is-layout-flex\">\n<p><strong><strong><strong><strong>Prof. Jonathan Gibbins, PhD.<\/strong><\/strong><\/strong><\/strong><\/p>\n\n\n\n<p class=\"has-text-align-left has-small-font-size\">University of Reading, UK.<\/p>\n<\/div>\n<\/div>\n\n\n\n<div class=\"wp-block-column is-layout-flow wp-block-column-is-layout-flow\">\n<figure class=\"wp-block-image size-full is-style-rounded is-style-rounded--8\"><img loading=\"lazy\" decoding=\"async\" width=\"400\" height=\"400\" src=\"https:\/\/cites.utalca.cl\/wp-content\/uploads\/2024\/05\/trotcha.jpg\" alt=\"\" class=\"wp-image-219\" style=\"aspect-ratio:1;object-fit:cover\" srcset=\"https:\/\/cites.utalca.cl\/wp-content\/uploads\/2024\/05\/trotcha.jpg 400w, https:\/\/cites.utalca.cl\/wp-content\/uploads\/2024\/05\/trotcha-300x300.jpg 300w, https:\/\/cites.utalca.cl\/wp-content\/uploads\/2024\/05\/trotcha-150x150.jpg 150w\" sizes=\"(max-width: 400px) 100vw, 400px\" \/><\/figure>\n\n\n\n<div class=\"wp-block-group is-vertical is-content-justification-center is-nowrap is-layout-flex wp-container-core-group-is-layout-9 wp-block-group-is-layout-flex\">\n<p><strong><strong><strong><strong><strong>Prof. Andr\u00e9s Trostchansky, PhD.<\/strong><\/strong><\/strong><\/strong><\/strong><\/p>\n\n\n\n<p class=\"has-small-font-size\">Universidad de la Rep\u00fablica, Uruguay.<\/p>\n<\/div>\n<\/div>\n<\/div>\n\n\n\n<div class=\"wp-block-group is-nowrap is-layout-flex wp-container-core-group-is-layout-10 wp-block-group-is-layout-flex\">\n<div style=\"height:var(--wp--preset--spacing--30);width:0px\" aria-hidden=\"true\" class=\"wp-block-spacer wp-container-content-1\"><\/div>\n<\/div>\n<\/div>\n<\/div>\n\n\n\n<div class=\"wp-block-group alignfull has-base-color has-text-color has-background has-link-color wp-elements-9a0e8fb458f75c2dc21ea9b21ed54b72 is-layout-flow wp-container-core-group-is-layout-22 wp-block-group-is-layout-flow\" style=\"border-radius:22px;background-color:#467599;padding-top:var(--wp--preset--spacing--70);padding-right:var(--wp--preset--spacing--50);padding-bottom:var(--wp--preset--spacing--70);padding-left:var(--wp--preset--spacing--50)\">\n<div class=\"wp-block-group alignfull has-global-padding is-layout-constrained wp-container-core-group-is-layout-21 wp-block-group-is-layout-constrained\" style=\"margin-top:0;margin-bottom:0;padding-top:var(--wp--preset--spacing--50);padding-right:var(--wp--preset--spacing--50);padding-bottom:var(--wp--preset--spacing--50);padding-left:var(--wp--preset--spacing--50)\">\n<div class=\"wp-block-group is-vertical is-content-justification-center is-layout-flex wp-container-core-group-is-layout-13 wp-block-group-is-layout-flex\">\n<h2 class=\"wp-block-heading has-text-align-center has-base-2-color has-text-color has-link-color has-xx-large-font-size wp-elements-a832097df8341b039809e57f3103806e\">Colaboradores nacionales<\/h2>\n<\/div>\n\n\n\n<div style=\"height:var(--wp--preset--spacing--30)\" aria-hidden=\"true\" class=\"wp-block-spacer\"><\/div>\n\n\n\n<div class=\"wp-block-columns alignwide is-layout-flex wp-container-core-columns-is-layout-3 wp-block-columns-is-layout-flex\" style=\"padding-right:0;padding-left:0\">\n<div class=\"wp-block-column is-layout-flow wp-block-column-is-layout-flow\">\n<figure class=\"wp-block-image size-full is-style-rounded is-style-rounded--9\"><img loading=\"lazy\" decoding=\"async\" width=\"1267\" height=\"1267\" src=\"https:\/\/cites.utalca.cl\/wp-content\/uploads\/2024\/05\/dr.-jaime-pereira-1-edited.png\" alt=\"\" class=\"wp-image-68\" style=\"aspect-ratio:1;object-fit:cover\" srcset=\"https:\/\/cites.utalca.cl\/wp-content\/uploads\/2024\/05\/dr.-jaime-pereira-1-edited.png 1267w, https:\/\/cites.utalca.cl\/wp-content\/uploads\/2024\/05\/dr.-jaime-pereira-1-edited-300x300.png 300w, https:\/\/cites.utalca.cl\/wp-content\/uploads\/2024\/05\/dr.-jaime-pereira-1-edited-1024x1024.png 1024w, https:\/\/cites.utalca.cl\/wp-content\/uploads\/2024\/05\/dr.-jaime-pereira-1-edited-150x150.png 150w, https:\/\/cites.utalca.cl\/wp-content\/uploads\/2024\/05\/dr.-jaime-pereira-1-edited-768x768.png 768w\" sizes=\"(max-width: 1267px) 100vw, 1267px\" \/><\/figure>\n\n\n\n<div class=\"wp-block-group is-vertical is-content-justification-left is-nowrap is-layout-flex wp-container-core-group-is-layout-14 wp-block-group-is-layout-flex\">\n<p><strong><strong>Prof. Jaime Pereira, MD.<\/strong><\/strong><\/p>\n\n\n\n<p class=\"has-small-font-size\">Pontificia Universidad Cat\u00f3lica de Chile.<\/p>\n<\/div>\n<\/div>\n\n\n\n<div class=\"wp-block-column is-layout-flow wp-block-column-is-layout-flow\">\n<figure class=\"wp-block-image size-full is-style-rounded is-style-rounded--10\"><img loading=\"lazy\" decoding=\"async\" width=\"960\" height=\"960\" src=\"https:\/\/cites.utalca.cl\/wp-content\/uploads\/2024\/05\/Remove-bg.ai_1717005900572-edited.png\" alt=\"\" class=\"wp-image-501\" style=\"aspect-ratio:1;object-fit:cover\" srcset=\"https:\/\/cites.utalca.cl\/wp-content\/uploads\/2024\/05\/Remove-bg.ai_1717005900572-edited.png 960w, https:\/\/cites.utalca.cl\/wp-content\/uploads\/2024\/05\/Remove-bg.ai_1717005900572-edited-300x300.png 300w, https:\/\/cites.utalca.cl\/wp-content\/uploads\/2024\/05\/Remove-bg.ai_1717005900572-edited-150x150.png 150w, https:\/\/cites.utalca.cl\/wp-content\/uploads\/2024\/05\/Remove-bg.ai_1717005900572-edited-768x768.png 768w\" sizes=\"(max-width: 960px) 100vw, 960px\" \/><\/figure>\n\n\n\n<div class=\"wp-block-group is-vertical is-content-justification-left is-nowrap is-layout-flex wp-container-core-group-is-layout-15 wp-block-group-is-layout-flex\">\n<p><strong><strong><strong>Basilio Carrasco, PhD.<\/strong><\/strong><\/strong><\/p>\n\n\n\n<p class=\"has-small-font-size\">Centro de estudios en alimentos procesados.<\/p>\n<\/div>\n<\/div>\n\n\n\n<div class=\"wp-block-column is-layout-flow wp-block-column-is-layout-flow\">\n<div class=\"wp-block-group is-nowrap is-layout-flex wp-container-core-group-is-layout-16 wp-block-group-is-layout-flex\">\n<figure class=\"wp-block-image size-full is-style-rounded is-style-rounded--11\"><img loading=\"lazy\" decoding=\"async\" width=\"675\" height=\"675\" src=\"https:\/\/cites.utalca.cl\/wp-content\/uploads\/2024\/05\/gonzalo.jpg\" alt=\"\" class=\"wp-image-482\" style=\"aspect-ratio:1;object-fit:cover\" srcset=\"https:\/\/cites.utalca.cl\/wp-content\/uploads\/2024\/05\/gonzalo.jpg 675w, https:\/\/cites.utalca.cl\/wp-content\/uploads\/2024\/05\/gonzalo-300x300.jpg 300w, https:\/\/cites.utalca.cl\/wp-content\/uploads\/2024\/05\/gonzalo-150x150.jpg 150w\" sizes=\"(max-width: 675px) 100vw, 675px\" \/><\/figure>\n<\/div>\n\n\n\n<div class=\"wp-block-group is-vertical is-content-justification-left is-nowrap is-layout-flex wp-container-core-group-is-layout-17 wp-block-group-is-layout-flex\">\n<p><strong>Prof. Christian Gonz\u00e1lez, PhD.<\/strong><\/p>\n\n\n\n<p class=\"has-small-font-size\">Universidad de Chile.<\/p>\n<\/div>\n<\/div>\n<\/div>\n\n\n\n<div style=\"height:var(--wp--preset--spacing--30)\" aria-hidden=\"true\" class=\"wp-block-spacer\"><\/div>\n\n\n\n<div class=\"wp-block-columns alignwide is-layout-flex wp-container-core-columns-is-layout-4 wp-block-columns-is-layout-flex\" style=\"padding-right:0;padding-left:0\">\n<div class=\"wp-block-column is-layout-flow wp-block-column-is-layout-flow\">\n<figure class=\"wp-block-image size-full is-style-rounded is-style-rounded--12\"><img loading=\"lazy\" decoding=\"async\" width=\"1037\" height=\"1037\" src=\"https:\/\/cites.utalca.cl\/wp-content\/uploads\/2024\/05\/felix-edited.png\" alt=\"\" class=\"wp-image-108\" style=\"aspect-ratio:1;object-fit:cover\" srcset=\"https:\/\/cites.utalca.cl\/wp-content\/uploads\/2024\/05\/felix-edited.png 1037w, https:\/\/cites.utalca.cl\/wp-content\/uploads\/2024\/05\/felix-edited-300x300.png 300w, https:\/\/cites.utalca.cl\/wp-content\/uploads\/2024\/05\/felix-edited-1024x1024.png 1024w, https:\/\/cites.utalca.cl\/wp-content\/uploads\/2024\/05\/felix-edited-150x150.png 150w, https:\/\/cites.utalca.cl\/wp-content\/uploads\/2024\/05\/felix-edited-768x768.png 768w\" sizes=\"(max-width: 1037px) 100vw, 1037px\" \/><\/figure>\n\n\n\n<div class=\"wp-block-group is-vertical is-content-justification-center is-nowrap is-layout-flex wp-container-core-group-is-layout-18 wp-block-group-is-layout-flex\">\n<p><strong><strong><strong>Prof. Felix Urra, PhD.<\/strong><\/strong><\/strong><\/p>\n\n\n\n<p class=\"has-small-font-size\">Universidad de Chile.<\/p>\n<\/div>\n<\/div>\n\n\n\n<div class=\"wp-block-column is-layout-flow wp-block-column-is-layout-flow\">\n<figure class=\"wp-block-image size-full is-style-rounded is-style-rounded--13\"><img loading=\"lazy\" decoding=\"async\" width=\"2182\" height=\"2182\" src=\"https:\/\/cites.utalca.cl\/wp-content\/uploads\/2024\/05\/Dra.-Yolanda-Espinosa-2-1.png\" alt=\"\" class=\"wp-image-451\" style=\"aspect-ratio:1;object-fit:cover\" srcset=\"https:\/\/cites.utalca.cl\/wp-content\/uploads\/2024\/05\/Dra.-Yolanda-Espinosa-2-1.png 2182w, https:\/\/cites.utalca.cl\/wp-content\/uploads\/2024\/05\/Dra.-Yolanda-Espinosa-2-1-300x300.png 300w, https:\/\/cites.utalca.cl\/wp-content\/uploads\/2024\/05\/Dra.-Yolanda-Espinosa-2-1-1024x1024.png 1024w, https:\/\/cites.utalca.cl\/wp-content\/uploads\/2024\/05\/Dra.-Yolanda-Espinosa-2-1-150x150.png 150w, https:\/\/cites.utalca.cl\/wp-content\/uploads\/2024\/05\/Dra.-Yolanda-Espinosa-2-1-768x768.png 768w, https:\/\/cites.utalca.cl\/wp-content\/uploads\/2024\/05\/Dra.-Yolanda-Espinosa-2-1-1536x1536.png 1536w, https:\/\/cites.utalca.cl\/wp-content\/uploads\/2024\/05\/Dra.-Yolanda-Espinosa-2-1-2048x2048.png 2048w\" sizes=\"(max-width: 2182px) 100vw, 2182px\" \/><\/figure>\n\n\n\n<div class=\"wp-block-group is-vertical is-content-justification-center is-nowrap is-layout-flex wp-container-core-group-is-layout-19 wp-block-group-is-layout-flex\">\n<p><strong><strong>Prof. Yolanda Espinosa, PhD.<\/strong><\/strong><\/p>\n\n\n\n<p class=\"has-small-font-size\">Universidad de Magallanes.<\/p>\n<\/div>\n<\/div>\n\n\n\n<div class=\"wp-block-column is-layout-flow wp-block-column-is-layout-flow\">\n<div class=\"wp-block-group is-vertical is-content-justification-center is-nowrap is-layout-flex wp-container-core-group-is-layout-20 wp-block-group-is-layout-flex\"><\/div>\n<\/div>\n<\/div>\n<\/div>\n<\/div>\n","protected":false},"excerpt":{"rendered":"<p>Colaboradores internacionales Prof. Lina Badimon, PhD Catedr\u00e1tica de Medicina Universidad Vic-Universidad Central de Catalu\u00f1a Centro de Investigaci\u00f3n IRIS-CC Barcelona, Espa\u00f1a Prof. Vicente Andr\u00e9s, PhD National Centre for Cardiovascular ResearchMadrid, Espa\u00f1a Prof. Francisco Garc\u00eda, MD Hospital Virgen del ValleToledo, Espa\u00f1a. Dr. Jaume Marrugat MD PhD FESCHospital del Mar Research Institute (HMRI-IMIM)CIBERCV de Enfermedades Cardiovasculares Prof. Christa [&hellip;]<\/p>\n","protected":false},"author":1,"featured_media":0,"parent":0,"menu_order":0,"comment_status":"closed","ping_status":"closed","template":"","meta":{"ub_ctt_via":"","_monsterinsights_skip_tracking":false,"_monsterinsights_sitenote_active":false,"_monsterinsights_sitenote_note":"","_monsterinsights_sitenote_category":0,"footnotes":""},"class_list":["post-274","page","type-page","status-publish","hentry"],"featured_image_src":null,"_links":{"self":[{"href":"https:\/\/cites.utalca.cl\/index.php?rest_route=\/wp\/v2\/pages\/274","targetHints":{"allow":["GET"]}}],"collection":[{"href":"https:\/\/cites.utalca.cl\/index.php?rest_route=\/wp\/v2\/pages"}],"about":[{"href":"https:\/\/cites.utalca.cl\/index.php?rest_route=\/wp\/v2\/types\/page"}],"author":[{"embeddable":true,"href":"https:\/\/cites.utalca.cl\/index.php?rest_route=\/wp\/v2\/users\/1"}],"replies":[{"embeddable":true,"href":"https:\/\/cites.utalca.cl\/index.php?rest_route=%2Fwp%2Fv2%2Fcomments&post=274"}],"version-history":[{"count":15,"href":"https:\/\/cites.utalca.cl\/index.php?rest_route=\/wp\/v2\/pages\/274\/revisions"}],"predecessor-version":[{"id":699,"href":"https:\/\/cites.utalca.cl\/index.php?rest_route=\/wp\/v2\/pages\/274\/revisions\/699"}],"wp:attachment":[{"href":"https:\/\/cites.utalca.cl\/index.php?rest_route=%2Fwp%2Fv2%2Fmedia&parent=274"}],"curies":[{"name":"wp","href":"https:\/\/api.w.org\/{rel}","templated":true}]}}