{"id":20,"date":"2024-04-29T21:15:49","date_gmt":"2024-04-30T00:15:49","guid":{"rendered":"http:\/\/desacites.utalca.test\/?page_id=20"},"modified":"2024-07-02T18:23:56","modified_gmt":"2024-07-02T18:23:56","slug":"antiplaquetarios","status":"publish","type":"page","link":"https:\/\/cites.utalca.cl\/?page_id=20","title":{"rendered":"Antiplaquetarios"},"content":{"rendered":"\n<div class=\"wp-block-group alignfull has-background has-global-padding is-layout-constrained wp-container-core-group-is-layout-2 wp-block-group-is-layout-constrained\" style=\"background-color:#fd670005;margin-top:0;margin-bottom:0;padding-top:var(--wp--preset--spacing--50);padding-right:var(--wp--preset--spacing--50);padding-bottom:var(--wp--preset--spacing--50);padding-left:var(--wp--preset--spacing--50)\">\n<div class=\"wp-block-columns alignwide is-layout-flex wp-container-core-columns-is-layout-1 wp-block-columns-is-layout-flex\">\n<div class=\"wp-block-column is-vertically-aligned-stretch is-layout-flow wp-block-column-is-layout-flow\" style=\"flex-basis:50%\">\n<div class=\"wp-block-group is-vertical is-content-justification-stretch is-layout-flex wp-container-core-group-is-layout-1 wp-block-group-is-layout-flex\" style=\"min-height:100%\">\n<h2 class=\"wp-block-heading\">Resumen<\/h2>\n\n\n\n<p class=\"has-text-align-justify\">Las enfermedades cardiovasculares (ECVs) son la principal causa de muerte en el mundo y adem\u00e1s presentan una alta tasa de morbilidad. Aunque los avances en el tratamiento de las ECVs han reducido las tasas de mortalidad, su incidencia sigue siendo alta y los medicamentos antitromb\u00f3ticos actuales tienen limitaciones y efectos secundarios.<\/p>\n\n\n\n<p class=\"has-text-align-left\">Las plaquetas desempe\u00f1an un papel importante en las ECVs, ya que intervienen en la progresi\u00f3n de la aterosclerosis y producen trombos a trav\u00e9s de su interacci\u00f3n con el endotelio. La funci\u00f3n principal de las plaquetas es regular la hemostasia, sin embargo, en las ECVs existe una mayor reactividad plaquetaria y una menor respuesta a los f\u00e1rmacos antiplaquetarios.<\/p>\n\n\n\n<p class=\"has-text-align-justify\">En este contexto, los investigadores y colaboradores del CITES investigan nuevas mol\u00e9culas con efectos antiplaquetarios con el objetivo de encontrar nuevas dianas terap\u00e9uticas para la prevenci\u00f3n y tratamiento de la trombosis.<\/p>\n<\/div>\n<\/div>\n\n\n\n<div class=\"wp-block-column is-vertically-aligned-center is-layout-flow wp-block-column-is-layout-flow\" style=\"flex-basis:50%\">\n<figure class=\"wp-block-image size-full is-style-rounded is-style-rounded--1\"><img fetchpriority=\"high\" decoding=\"async\" width=\"1024\" height=\"1024\" src=\"https:\/\/cites.utalca.cl\/wp-content\/uploads\/2024\/05\/Default_happy_patient_getting_blood_drawn_1.jpg\" alt=\"\" class=\"wp-image-471\" style=\"aspect-ratio:3\/4;object-fit:cover\" srcset=\"https:\/\/cites.utalca.cl\/wp-content\/uploads\/2024\/05\/Default_happy_patient_getting_blood_drawn_1.jpg 1024w, https:\/\/cites.utalca.cl\/wp-content\/uploads\/2024\/05\/Default_happy_patient_getting_blood_drawn_1-300x300.jpg 300w, https:\/\/cites.utalca.cl\/wp-content\/uploads\/2024\/05\/Default_happy_patient_getting_blood_drawn_1-150x150.jpg 150w, https:\/\/cites.utalca.cl\/wp-content\/uploads\/2024\/05\/Default_happy_patient_getting_blood_drawn_1-768x768.jpg 768w\" sizes=\"(max-width: 1024px) 100vw, 1024px\" \/><\/figure>\n<\/div>\n<\/div>\n<\/div>\n","protected":false},"excerpt":{"rendered":"<p>Resumen Las enfermedades cardiovasculares (ECVs) son la principal causa de muerte en el mundo y adem\u00e1s presentan una alta tasa de morbilidad. Aunque los avances en el tratamiento de las ECVs han reducido las tasas de mortalidad, su incidencia sigue siendo alta y los medicamentos antitromb\u00f3ticos actuales tienen limitaciones y efectos secundarios. Las plaquetas desempe\u00f1an [&hellip;]<\/p>\n","protected":false},"author":1,"featured_media":0,"parent":0,"menu_order":0,"comment_status":"closed","ping_status":"closed","template":"","meta":{"ub_ctt_via":"","_monsterinsights_skip_tracking":false,"_monsterinsights_sitenote_active":false,"_monsterinsights_sitenote_note":"","_monsterinsights_sitenote_category":0,"footnotes":""},"class_list":["post-20","page","type-page","status-publish","hentry"],"featured_image_src":null,"_links":{"self":[{"href":"https:\/\/cites.utalca.cl\/index.php?rest_route=\/wp\/v2\/pages\/20","targetHints":{"allow":["GET"]}}],"collection":[{"href":"https:\/\/cites.utalca.cl\/index.php?rest_route=\/wp\/v2\/pages"}],"about":[{"href":"https:\/\/cites.utalca.cl\/index.php?rest_route=\/wp\/v2\/types\/page"}],"author":[{"embeddable":true,"href":"https:\/\/cites.utalca.cl\/index.php?rest_route=\/wp\/v2\/users\/1"}],"replies":[{"embeddable":true,"href":"https:\/\/cites.utalca.cl\/index.php?rest_route=%2Fwp%2Fv2%2Fcomments&post=20"}],"version-history":[{"count":13,"href":"https:\/\/cites.utalca.cl\/index.php?rest_route=\/wp\/v2\/pages\/20\/revisions"}],"predecessor-version":[{"id":608,"href":"https:\/\/cites.utalca.cl\/index.php?rest_route=\/wp\/v2\/pages\/20\/revisions\/608"}],"wp:attachment":[{"href":"https:\/\/cites.utalca.cl\/index.php?rest_route=%2Fwp%2Fv2%2Fmedia&parent=20"}],"curies":[{"name":"wp","href":"https:\/\/api.w.org\/{rel}","templated":true}]}}