{"id":14,"date":"2024-04-29T21:15:54","date_gmt":"2024-04-30T00:15:54","guid":{"rendered":"http:\/\/desacites.utalca.test\/?page_id=14"},"modified":"2024-05-24T21:55:50","modified_gmt":"2024-05-24T21:55:50","slug":"about","status":"publish","type":"page","link":"https:\/\/cites.utalca.cl\/?page_id=14","title":{"rendered":"Misi\u00f3n y Visi\u00f3n"},"content":{"rendered":"\n<div class=\"wp-block-group alignfull has-global-padding is-layout-constrained wp-container-core-group-is-layout-2 wp-block-group-is-layout-constrained\" style=\"margin-top:0;margin-bottom:0;padding-top:var(--wp--preset--spacing--50);padding-right:var(--wp--preset--spacing--50);padding-bottom:var(--wp--preset--spacing--50);padding-left:var(--wp--preset--spacing--50)\">\n<div class=\"wp-block-group alignwide has-global-padding is-layout-constrained wp-container-core-group-is-layout-1 wp-block-group-is-layout-constrained\">\n<div class=\"wp-block-columns alignwide is-layout-flex wp-container-core-columns-is-layout-1 wp-block-columns-is-layout-flex\">\n<div class=\"wp-block-column is-vertically-aligned-center is-layout-flow wp-block-column-is-layout-flow\" style=\"flex-basis:40%\">\n<h2 class=\"wp-block-heading\">Misi\u00f3n<\/h2>\n\n\n\n<p class=\"has-text-align-justify\">El Centro de Investigaci\u00f3n en Trombosis y Envejecimiento Saludable (CITES) tiene como misi\u00f3n desarrollar investigaci\u00f3n b\u00e1sica y aplicada, en el \u00e1mbito de la trombosis y el envejecimiento. Ello permitir\u00e1 aportar al conocimiento de la fisiopatolog\u00eda y prevenci\u00f3n de la trombosis y al envejecimiento saludable. Para ello, cuenta con redes de colaboraci\u00f3n nacional e internacional. Adem\u00e1s, participa en la formaci\u00f3n de capital humano avanzado, y en programas de educaci\u00f3n continua a profesionales y difusi\u00f3n a la comunidad en general.<\/p>\n<\/div>\n\n\n\n<div class=\"wp-block-column is-layout-flow wp-block-column-is-layout-flow\" style=\"flex-basis:50%\">\n<figure class=\"wp-block-image size-full\"><img fetchpriority=\"high\" decoding=\"async\" width=\"955\" height=\"955\" src=\"https:\/\/cites.utalca.cl\/wp-content\/uploads\/2024\/05\/magicstudio-art-edited.jpg\" alt=\"\" class=\"wp-image-319\" srcset=\"https:\/\/cites.utalca.cl\/wp-content\/uploads\/2024\/05\/magicstudio-art-edited.jpg 955w, https:\/\/cites.utalca.cl\/wp-content\/uploads\/2024\/05\/magicstudio-art-edited-300x300.jpg 300w, https:\/\/cites.utalca.cl\/wp-content\/uploads\/2024\/05\/magicstudio-art-edited-150x150.jpg 150w, https:\/\/cites.utalca.cl\/wp-content\/uploads\/2024\/05\/magicstudio-art-edited-768x768.jpg 768w\" sizes=\"(max-width: 955px) 100vw, 955px\" \/><\/figure>\n<\/div>\n<\/div>\n\n\n\n<div class=\"wp-block-columns alignwide is-layout-flex wp-container-core-columns-is-layout-2 wp-block-columns-is-layout-flex\">\n<div class=\"wp-block-column is-layout-flow wp-block-column-is-layout-flow\" style=\"flex-basis:50%\">\n<figure class=\"wp-block-image size-full\"><img decoding=\"async\" width=\"947\" height=\"947\" src=\"https:\/\/cites.utalca.cl\/wp-content\/uploads\/2024\/05\/imagen2-edited.jpg\" alt=\"\" class=\"wp-image-320\" srcset=\"https:\/\/cites.utalca.cl\/wp-content\/uploads\/2024\/05\/imagen2-edited.jpg 947w, https:\/\/cites.utalca.cl\/wp-content\/uploads\/2024\/05\/imagen2-edited-300x300.jpg 300w, https:\/\/cites.utalca.cl\/wp-content\/uploads\/2024\/05\/imagen2-edited-150x150.jpg 150w, https:\/\/cites.utalca.cl\/wp-content\/uploads\/2024\/05\/imagen2-edited-768x768.jpg 768w\" sizes=\"(max-width: 947px) 100vw, 947px\" \/><\/figure>\n<\/div>\n\n\n\n<div class=\"wp-block-column is-vertically-aligned-center is-layout-flow wp-block-column-is-layout-flow\" style=\"flex-basis:40%\">\n<h2 class=\"wp-block-heading\">Visi\u00f3n<\/h2>\n\n\n\n<p class=\"has-text-align-justify\">Ser reconocido como un centro de investigaci\u00f3n nacional en trombosis y envejecimiento con fuertes v\u00ednculos internacionales, que posee un nivel de productividad cient\u00edfica competitiva y que adem\u00e1s tiene capacidad de formaci\u00f3n de capital humano y de vinculaci\u00f3n con el medio.<\/p>\n<\/div>\n<\/div>\n<\/div>\n<\/div>\n","protected":false},"excerpt":{"rendered":"<p>Misi\u00f3n El Centro de Investigaci\u00f3n en Trombosis y Envejecimiento Saludable (CITES) tiene como misi\u00f3n desarrollar investigaci\u00f3n b\u00e1sica y aplicada, en el \u00e1mbito de la trombosis y el envejecimiento. Ello permitir\u00e1 aportar al conocimiento de la fisiopatolog\u00eda y prevenci\u00f3n de la trombosis y al envejecimiento saludable. Para ello, cuenta con redes de colaboraci\u00f3n nacional e internacional. [&hellip;]<\/p>\n","protected":false},"author":1,"featured_media":0,"parent":0,"menu_order":0,"comment_status":"closed","ping_status":"closed","template":"","meta":{"ub_ctt_via":"","_monsterinsights_skip_tracking":false,"_monsterinsights_sitenote_active":false,"_monsterinsights_sitenote_note":"","_monsterinsights_sitenote_category":0,"footnotes":""},"class_list":["post-14","page","type-page","status-publish","hentry"],"featured_image_src":null,"_links":{"self":[{"href":"https:\/\/cites.utalca.cl\/index.php?rest_route=\/wp\/v2\/pages\/14","targetHints":{"allow":["GET"]}}],"collection":[{"href":"https:\/\/cites.utalca.cl\/index.php?rest_route=\/wp\/v2\/pages"}],"about":[{"href":"https:\/\/cites.utalca.cl\/index.php?rest_route=\/wp\/v2\/types\/page"}],"author":[{"embeddable":true,"href":"https:\/\/cites.utalca.cl\/index.php?rest_route=\/wp\/v2\/users\/1"}],"replies":[{"embeddable":true,"href":"https:\/\/cites.utalca.cl\/index.php?rest_route=%2Fwp%2Fv2%2Fcomments&post=14"}],"version-history":[{"count":3,"href":"https:\/\/cites.utalca.cl\/index.php?rest_route=\/wp\/v2\/pages\/14\/revisions"}],"predecessor-version":[{"id":425,"href":"https:\/\/cites.utalca.cl\/index.php?rest_route=\/wp\/v2\/pages\/14\/revisions\/425"}],"wp:attachment":[{"href":"https:\/\/cites.utalca.cl\/index.php?rest_route=%2Fwp%2Fv2%2Fmedia&parent=14"}],"curies":[{"name":"wp","href":"https:\/\/api.w.org\/{rel}","templated":true}]}}